{"id":2,"date":"2015-10-03T09:33:23","date_gmt":"2015-10-03T09:33:23","guid":{"rendered":"http:\/\/hochzeit.karafa.de\/?page_id=2"},"modified":"2026-05-14T14:45:05","modified_gmt":"2026-05-14T14:45:05","slug":"sample-page","status":"publish","type":"page","link":"https:\/\/hochzeit.karafa.de\/pl\/","title":{"rendered":"Witamy"},"content":{"rendered":"<p><\/p>\n<p>Cze\u015b\u0107,<br \/>\nTutaj znajdziesz informacje o naszym \u015blubie. Je\u015bli nie znasz twojego has\u0142o lub twojego u\u017cytkownika,\u00a0<a href=\"http:\/\/hochzeit.karafa.de\/wp-login.php?action=lostpassword\">kliknij tutaj<\/a>\u00a0lub napisz nam maila.<\/p>\n<div id=\"wpmem_login\"><a id=\"login\"><\/a><form action=\"https:\/\/hochzeit.karafa.de\/pl\/\" method=\"POST\" id=\"wpmem_login_form\" class=\"form\"><input type=\"hidden\" id=\"_wpmem_login_nonce\" name=\"_wpmem_login_nonce\" value=\"c70df0b529\" \/><input type=\"hidden\" name=\"_wp_http_referer\" value=\"\/pl\/wp-json\/wp\/v2\/pages\/2\" \/><fieldset><legend>Existing Users Log In<\/legend><label for=\"log\">Username or Email<\/label><div class=\"div_text\"><input name=\"log\" type=\"text\" id=\"log\" value=\"\" class=\"username\" required  \/><\/div><label for=\"pwd\">Has\u0142o<\/label><div class=\"div_text\"><input name=\"pwd\" type=\"password\" id=\"pwd\" class=\"password\" required  \/><\/div><input name=\"a\" type=\"hidden\" value=\"login\" \/><input name=\"redirect_to\" type=\"hidden\" value=\"https:\/\/hochzeit.karafa.de\/pl\/\" \/><div class=\"button_div\"><input name=\"rememberme\" type=\"checkbox\" id=\"rememberme\" value=\"forever\" \/>&nbsp;<label for=\"rememberme\">Remember Me<\/label>&nbsp;&nbsp;<input type=\"submit\" name=\"Submit\" value=\"Zaloguj\" class=\"buttons\" \/><\/div><\/fieldset><\/form><\/div>\n<p><\/p>\n\n<p>&nbsp;<\/p>\n<p>&nbsp;<\/p>","protected":false},"excerpt":{"rendered":"<p>&nbsp; &nbsp;<\/p>\n","protected":false},"author":1,"featured_media":0,"parent":0,"menu_order":0,"comment_status":"closed","ping_status":"open","template":"","meta":{"footnotes":""},"class_list":["post-2","page","type-page","status-publish","hentry"],"_links":{"self":[{"href":"https:\/\/hochzeit.karafa.de\/pl\/wp-json\/wp\/v2\/pages\/2","targetHints":{"allow":["GET"]}}],"collection":[{"href":"https:\/\/hochzeit.karafa.de\/pl\/wp-json\/wp\/v2\/pages"}],"about":[{"href":"https:\/\/hochzeit.karafa.de\/pl\/wp-json\/wp\/v2\/types\/page"}],"author":[{"embeddable":true,"href":"https:\/\/hochzeit.karafa.de\/pl\/wp-json\/wp\/v2\/users\/1"}],"replies":[{"embeddable":true,"href":"https:\/\/hochzeit.karafa.de\/pl\/wp-json\/wp\/v2\/comments?post=2"}],"version-history":[{"count":43,"href":"https:\/\/hochzeit.karafa.de\/pl\/wp-json\/wp\/v2\/pages\/2\/revisions"}],"predecessor-version":[{"id":405,"href":"https:\/\/hochzeit.karafa.de\/pl\/wp-json\/wp\/v2\/pages\/2\/revisions\/405"}],"wp:attachment":[{"href":"https:\/\/hochzeit.karafa.de\/pl\/wp-json\/wp\/v2\/media?parent=2"}],"curies":[{"name":"wp","href":"https:\/\/api.w.org\/{rel}","templated":true}]}}